{"id":329,"date":"2013-06-18T17:01:43","date_gmt":"2013-06-18T17:01:43","guid":{"rendered":"http:\/\/s198177718.onlinehome.us\/saobien\/public_html\/?page_id=329"},"modified":"2013-08-07T13:12:40","modified_gmt":"2013-08-07T20:12:40","slug":"qui-cha-thay-an-nhan","status":"publish","type":"page","link":"http:\/\/saobiennhatrang.net\/?page_id=329","title":{"rendered":"Qu\u00ed Cha th\u1ea7y &#038; \u00c2n nh\u00e2n"},"content":{"rendered":"<p><a href=\"http:\/\/s198177718.onlinehome.us\/saobien\/public_html\/wp-content\/uploads\/2013\/06\/DCpiquet.jpg\"><img loading=\"lazy\" class=\"alignnone size-thumbnail wp-image-683\" title=\"\u0110\u1ee9c C\u1ed1 Gi\u00e1m m\u1ee5c Marcel Piquet L\u1ee3i\" alt=\"DCpiquet\" src=\"http:\/\/s198177718.onlinehome.us\/saobien\/public_html\/wp-content\/uploads\/2013\/06\/DCpiquet-150x150.jpg\" width=\"150\" height=\"150\" \/><\/a> <a href=\"http:\/\/s198177718.onlinehome.us\/saobien\/public_html\/wp-content\/uploads\/2013\/06\/DHYthuan.jpg\"><img loading=\"lazy\" class=\"alignnone size-thumbnail wp-image-684\" title=\"\u0110\u1ee9c C\u1ed1 H\u1ed3ng Y F.X. Nguy\u1ec5n V\u0103n Thu\u1eadn\" alt=\"DHYthuan\" src=\"http:\/\/s198177718.onlinehome.us\/saobien\/public_html\/wp-content\/uploads\/2013\/06\/DHYthuan-150x150.jpg\" width=\"150\" height=\"150\" \/><\/a> <a href=\"http:\/\/s198177718.onlinehome.us\/saobien\/public_html\/wp-content\/uploads\/2013\/06\/GS1.jpg\"><img loading=\"lazy\" class=\"alignnone size-thumbnail wp-image-686\" title=\"Hai C\u1ed1 B\u1ec1 tr\u00ean Joseph Clause H\u1ed3ng &amp; Pierre Jeanningros V\u1ecb\" alt=\"GS1\" src=\"http:\/\/s198177718.onlinehome.us\/saobien\/public_html\/wp-content\/uploads\/2013\/06\/GS1-150x150.jpg\" width=\"150\" height=\"150\" \/><\/a> <a href=\"http:\/\/s198177718.onlinehome.us\/saobien\/public_html\/wp-content\/uploads\/2013\/06\/nghi.jpg\"><img loading=\"lazy\" class=\"alignnone size-thumbnail wp-image-696\" title=\"C\u1ed1 B\u1ec1 tr\u00ean Giuse Nguy\u1ec5n C\u00f4ng Ngh\u1ecb\" alt=\"nghi\" src=\"http:\/\/s198177718.onlinehome.us\/saobien\/public_html\/wp-content\/uploads\/2013\/06\/nghi-150x150.jpg\" width=\"150\" height=\"150\" \/><\/a> <a href=\"http:\/\/s198177718.onlinehome.us\/saobien\/public_html\/wp-content\/uploads\/2013\/06\/hanh.jpg\"><img loading=\"lazy\" class=\"alignnone size-thumbnail wp-image-691\" title=\"C\u1ed1 B\u1ec1 tr\u00ean Ant\u00f4n H\u1ed3 Ng\u1ecdc H\u1ea1nh\" alt=\"hanh\" src=\"http:\/\/s198177718.onlinehome.us\/saobien\/public_html\/wp-content\/uploads\/2013\/06\/hanh-150x150.jpg\" width=\"150\" height=\"150\" \/><\/a> <a href=\"http:\/\/s198177718.onlinehome.us\/saobien\/public_html\/wp-content\/uploads\/2013\/06\/sach.jpg\"><img loading=\"lazy\" class=\"alignnone size-thumbnail wp-image-702\" title=\"\u0110\u1ee9c \u00f4ng Ph\u00ear\u00f4 Nguy\u1ec5n Quang S\u00e1ch\" alt=\"sach\" src=\"http:\/\/s198177718.onlinehome.us\/saobien\/public_html\/wp-content\/uploads\/2013\/06\/sach-150x150.jpg\" width=\"150\" height=\"150\" \/><\/a> <a href=\"http:\/\/s198177718.onlinehome.us\/saobien\/public_html\/wp-content\/uploads\/2013\/06\/sung.jpg\"><img loading=\"lazy\" class=\"alignnone size-thumbnail wp-image-704\" title=\"C\u1ef1u B\u1ec1 tr\u00ean Phanxic\u00f4 Nguy\u1ec5n T\u00f4n S\u00f9ng\" alt=\"sung\" src=\"http:\/\/s198177718.onlinehome.us\/saobien\/public_html\/wp-content\/uploads\/2013\/06\/sung-150x150.jpg\" width=\"150\" height=\"150\" \/><\/a> <a href=\"http:\/\/s198177718.onlinehome.us\/saobien\/public_html\/wp-content\/uploads\/2013\/06\/GS2.jpg\"><img loading=\"lazy\" class=\"alignnone size-thumbnail wp-image-687\" title=\"Qu\u00ed Cha gi\u00e1o H\u1ed9i Th\u1eeba Sai Paris\" alt=\"GS2\" src=\"http:\/\/s198177718.onlinehome.us\/saobien\/public_html\/wp-content\/uploads\/2013\/06\/GS2-150x150.jpg\" width=\"150\" height=\"150\" \/><\/a> <a href=\"http:\/\/s198177718.onlinehome.us\/saobien\/public_html\/wp-content\/uploads\/2013\/06\/GS3.jpg\"><img loading=\"lazy\" class=\"alignnone size-thumbnail wp-image-688\" title=\"Qu\u00ed Cha gi\u00e1o H\u1ed9i Th\u1eeba Sai Paris\" alt=\"GS3\" src=\"http:\/\/s198177718.onlinehome.us\/saobien\/public_html\/wp-content\/uploads\/2013\/06\/GS3-150x150.jpg\" width=\"150\" height=\"150\" \/><\/a> <a href=\"http:\/\/s198177718.onlinehome.us\/saobien\/public_html\/wp-content\/uploads\/2013\/06\/GS4.jpg\"><img loading=\"lazy\" class=\"alignnone size-thumbnail wp-image-689\" title=\"Qu\u00ed Cha gi\u00e1o H\u1ed9i Th\u1eeba Sai Paris\" alt=\"GS4\" src=\"http:\/\/s198177718.onlinehome.us\/saobien\/public_html\/wp-content\/uploads\/2013\/06\/GS4-150x150.jpg\" width=\"150\" height=\"150\" \/><\/a> <a href=\"http:\/\/s198177718.onlinehome.us\/saobien\/public_html\/wp-content\/uploads\/2013\/06\/GS5.jpg\"><img loading=\"lazy\" class=\"alignnone size-thumbnail wp-image-690\" title=\"Qu\u00ed Cha gi\u00e1o H\u1ed9i Th\u1eeba Sai Paris\" alt=\"GS5\" src=\"http:\/\/s198177718.onlinehome.us\/saobien\/public_html\/wp-content\/uploads\/2013\/06\/GS5-150x150.jpg\" width=\"150\" height=\"150\" \/><\/a> <a href=\"http:\/\/s198177718.onlinehome.us\/saobien\/public_html\/wp-content\/uploads\/2013\/06\/nho.jpg\"><img loading=\"lazy\" class=\"alignnone size-thumbnail wp-image-699\" title=\"\u0110\u1ee9c C\u1ed1 Gi\u00e1m m\u1ee5c Ph\u00ear\u00f4 Nguy\u1ec5n V\u0103n Nho\" alt=\"nho\" src=\"http:\/\/s198177718.onlinehome.us\/saobien\/public_html\/wp-content\/uploads\/2013\/06\/nho-150x150.jpg\" width=\"150\" height=\"150\" \/><\/a> <a href=\"http:\/\/s198177718.onlinehome.us\/saobien\/public_html\/wp-content\/uploads\/2013\/06\/dat.jpg\"><img loading=\"lazy\" class=\"alignnone size-thumbnail wp-image-682\" title=\"C\u1ed1 Lm. G.B. Ho\u00e0ng Kim \u0110\u1ea1t\" alt=\"dat\" src=\"http:\/\/s198177718.onlinehome.us\/saobien\/public_html\/wp-content\/uploads\/2013\/06\/dat-150x150.jpg\" width=\"150\" height=\"150\" \/><\/a> <a href=\"http:\/\/s198177718.onlinehome.us\/saobien\/public_html\/wp-content\/uploads\/2013\/06\/hoa.jpg\"><img loading=\"lazy\" class=\"alignnone size-thumbnail wp-image-692\" title=\"\u0110\u1ee9c \u00f4ng G.B. L\u00ea Xu\u00e2n Hoa (Phan Thi\u1ebft 2008)\" alt=\"hoa\" src=\"http:\/\/s198177718.onlinehome.us\/saobien\/public_html\/wp-content\/uploads\/2013\/06\/hoa-150x150.jpg\" width=\"150\" height=\"150\" \/><\/a> <a href=\"http:\/\/s198177718.onlinehome.us\/saobien\/public_html\/wp-content\/uploads\/2013\/06\/chabich.jpg\"><img loading=\"lazy\" title=\"Cha gi\u00e1o Tr\u1ea7n S\u01a1n B\u00edch (RIP)\" alt=\"chabich\" src=\"http:\/\/s198177718.onlinehome.us\/saobien\/public_html\/wp-content\/uploads\/2013\/06\/chabich-150x150.jpg\" width=\"150\" height=\"150\" \/><\/a> <a href=\"http:\/\/s198177718.onlinehome.us\/saobien\/public_html\/wp-content\/uploads\/2013\/06\/vinh.jpg\"><img loading=\"lazy\" class=\"alignnone size-thumbnail wp-image-708\" title=\"\u0110\u1ee9c \u00d4ng Mai \u0110\u1ee9c Vinh (Ph\u00e1p 10\/01\/2009)\" alt=\"vinh\" src=\"http:\/\/s198177718.onlinehome.us\/saobien\/public_html\/wp-content\/uploads\/2013\/06\/vinh-150x150.jpg\" width=\"150\" height=\"150\" \/><\/a><a href=\"http:\/\/s198177718.onlinehome.us\/saobien\/public_html\/wp-content\/uploads\/2013\/06\/ducongThuong.jpg\"><img loading=\"lazy\" title=\"\u0110\u1ee9c \u00d4ng L\u00ea Xu\u00e2n Th\u01b0\u1ee3ng (b\u00ean ph\u1ea3i)\" alt=\"ducongThuong\" src=\"http:\/\/s198177718.onlinehome.us\/saobien\/public_html\/wp-content\/uploads\/2013\/06\/ducongThuong-150x150.jpg\" width=\"150\" height=\"150\" \/><\/a> <a href=\"http:\/\/s198177718.onlinehome.us\/saobien\/public_html\/wp-content\/uploads\/2013\/06\/ngoc.jpg\"><img loading=\"lazy\" class=\"alignnone size-thumbnail wp-image-698\" title=\"Cha gi\u00e1o Alexis Nguy\u1ec5n Th\u1ea1ch Ng\u1ecdc\" alt=\"ngoc\" src=\"http:\/\/s198177718.onlinehome.us\/saobien\/public_html\/wp-content\/uploads\/2013\/06\/ngoc-150x150.jpg\" width=\"150\" height=\"150\" \/><\/a> <a href=\"http:\/\/s198177718.onlinehome.us\/saobien\/public_html\/wp-content\/uploads\/2013\/06\/phu.jpg\"><img loading=\"lazy\" class=\"alignnone size-thumbnail wp-image-701\" title=\"Cha gi\u00e1o B\u00ean\u00ea\u0111ict\u00f4 Nguy\u1ec5n C\u00f4ng Ph\u00fa (2009)\" alt=\"phu\" src=\"http:\/\/s198177718.onlinehome.us\/saobien\/public_html\/wp-content\/uploads\/2013\/06\/phu-150x150.jpg\" width=\"150\" height=\"150\" \/><\/a> <a href=\"http:\/\/s198177718.onlinehome.us\/saobien\/public_html\/wp-content\/uploads\/2013\/06\/sachphulang.jpg\"><img loading=\"lazy\" class=\"alignnone size-thumbnail wp-image-703\" title=\"\u0110\u1ee9c \u00f4ng S\u00e1ch - Cha Ph\u00fa - Cha L\u00e1ng (2008)\" alt=\"sachphulang\" src=\"http:\/\/s198177718.onlinehome.us\/saobien\/public_html\/wp-content\/uploads\/2013\/06\/sachphulang-150x150.jpg\" width=\"150\" height=\"150\" \/><\/a> <a href=\"http:\/\/s198177718.onlinehome.us\/saobien\/public_html\/wp-content\/uploads\/2013\/06\/kimkhanhchaban33.jpg\"><img loading=\"lazy\" title=\"Cha gi\u00e1o Nguy\u1ec5n H\u1eefu Ban (RIP)\" alt=\"kimkhanhchaban33\" src=\"http:\/\/s198177718.onlinehome.us\/saobien\/public_html\/wp-content\/uploads\/2013\/06\/kimkhanhchaban33-150x150.jpg\" width=\"150\" height=\"150\" \/><\/a> <a href=\"http:\/\/s198177718.onlinehome.us\/saobien\/public_html\/wp-content\/uploads\/2013\/06\/hue.jpg\"><img loading=\"lazy\" class=\"alignnone size-thumbnail wp-image-694\" title=\"Cha gi\u00e1o Nguy\u1ec5n L\u1ed9c Hu\u1ec7 (RIP)\" alt=\"hue\" src=\"http:\/\/s198177718.onlinehome.us\/saobien\/public_html\/wp-content\/uploads\/2013\/06\/hue-150x150.jpg\" width=\"150\" height=\"150\" \/><\/a> <a href=\"http:\/\/s198177718.onlinehome.us\/saobien\/public_html\/wp-content\/uploads\/2013\/06\/trong.jpg\"><img loading=\"lazy\" class=\"alignnone size-thumbnail wp-image-707\" title=\"Cha gi\u00e1o Giuse Nguy\u1ec5n \u0110\u1ee9c Tr\u1ecdng (USA 2009)\" alt=\"trong\" src=\"http:\/\/s198177718.onlinehome.us\/saobien\/public_html\/wp-content\/uploads\/2013\/06\/trong-150x150.jpg\" width=\"150\" height=\"150\" \/><\/a> <a href=\"http:\/\/s198177718.onlinehome.us\/saobien\/public_html\/wp-content\/uploads\/2013\/06\/phong.jpg\"><img loading=\"lazy\" class=\"alignnone size-thumbnail wp-image-700\" title=\"\u0110\u1ee9c \u00d4ng Giuse Maria Tr\u1ea7n Thanh Phong\" alt=\"phong\" src=\"http:\/\/s198177718.onlinehome.us\/saobien\/public_html\/wp-content\/uploads\/2013\/06\/phong-150x150.jpg\" width=\"150\" height=\"150\" \/><\/a> <a href=\"http:\/\/s198177718.onlinehome.us\/saobien\/public_html\/wp-content\/uploads\/2013\/06\/thanh.jpg\"><img loading=\"lazy\" class=\"alignnone size-thumbnail wp-image-705\" title=\"Cha gi\u00e1o Nguy\u1ec5n Quang Th\u1ea1nh (b\u00ean ph\u1ea3i) v\u00e0 L\u00e2m T\u00f9ng S\u01a1n SB73\" alt=\"thanh\" src=\"http:\/\/s198177718.onlinehome.us\/saobien\/public_html\/wp-content\/uploads\/2013\/06\/thanh-150x150.jpg\" width=\"150\" height=\"150\" \/><\/a> <a href=\"http:\/\/s198177718.onlinehome.us\/saobien\/public_html\/wp-content\/uploads\/2013\/06\/nghiep.jpg\"><img loading=\"lazy\" class=\"alignnone size-thumbnail wp-image-697\" title=\"Cha gi\u00e1o B\u00f9i Duy Nghi\u1ec7p (Ph\u00e1p 2006)\" alt=\"nghiep\" src=\"http:\/\/s198177718.onlinehome.us\/saobien\/public_html\/wp-content\/uploads\/2013\/06\/nghiep-150x150.jpg\" width=\"150\" height=\"150\" \/><\/a> <a href=\"http:\/\/s198177718.onlinehome.us\/saobien\/public_html\/wp-content\/uploads\/2013\/06\/chagiao1.jpg\"><img loading=\"lazy\" class=\"alignnone size-thumbnail wp-image-680\" title=\"Qu\u00ed Cha gi\u00e1o\" alt=\"chagiao1\" src=\"http:\/\/s198177718.onlinehome.us\/saobien\/public_html\/wp-content\/uploads\/2013\/06\/chagiao1-150x150.jpg\" width=\"150\" height=\"150\" \/><\/a> <a href=\"http:\/\/s198177718.onlinehome.us\/saobien\/public_html\/wp-content\/uploads\/2013\/06\/chagiao2.jpg\"><img loading=\"lazy\" class=\"alignnone size-thumbnail wp-image-681\" title=\"Qu\u00ed Cha gi\u00e1o (ni\u00ean kho\u00e1 1965-1966)\" alt=\"chagiao2\" src=\"http:\/\/s198177718.onlinehome.us\/saobien\/public_html\/wp-content\/uploads\/2013\/06\/chagiao2-150x150.jpg\" width=\"150\" height=\"150\" \/><a href=\"http:\/\/saobiennhatrang.net\/wp-content\/uploads\/2013\/06\/chaNhan.jpg\"><img loading=\"lazy\" title=\"Lm. Ph\u1ea1m V\u0103n Nh\u00e2n (c\u1ef1u Gi\u00e1m th\u1ecb)\" alt=\"chaNhan\" src=\"http:\/\/saobiennhatrang.net\/wp-content\/uploads\/2013\/06\/chaNhan-150x150.jpg\" width=\"150\" height=\"150\" \/><\/a><\/a> <a href=\"http:\/\/s198177718.onlinehome.us\/saobien\/public_html\/wp-content\/uploads\/2013\/06\/ChaLieu.jpg\"><img loading=\"lazy\" title=\"Lm. \u0110o\u00e0n V\u0103n Li\u1ec7u (b\u00ean ph\u1ea3i)\" alt=\"ChaLieu\" src=\"http:\/\/s198177718.onlinehome.us\/saobien\/public_html\/wp-content\/uploads\/2013\/06\/ChaLieu-150x150.jpg\" width=\"150\" height=\"150\" \/><\/a><a href=\"http:\/\/s198177718.onlinehome.us\/saobien\/public_html\/wp-content\/uploads\/2013\/06\/thayTien.jpg\"><img loading=\"lazy\" title=\"Th\u1ea7y Nguy\u1ec5n Th\u00e0nh Ti\u00ean\" alt=\"thayTien\" src=\"http:\/\/s198177718.onlinehome.us\/saobien\/public_html\/wp-content\/uploads\/2013\/06\/thayTien-150x150.jpg\" width=\"150\" height=\"150\" \/><\/a><a href=\"http:\/\/s198177718.onlinehome.us\/saobien\/public_html\/wp-content\/uploads\/2013\/06\/tranchon.jpg\"><img loading=\"lazy\" title=\"Th\u1ea7y gi\u00e1m th\u1ecb Tr\u1ea7n Ch\u1ed1n\" alt=\"tranchon\" src=\"http:\/\/s198177718.onlinehome.us\/saobien\/public_html\/wp-content\/uploads\/2013\/06\/tranchon-150x150.jpg\" width=\"150\" height=\"150\" \/><\/a><a href=\"http:\/\/s198177718.onlinehome.us\/saobien\/public_html\/wp-content\/uploads\/2013\/06\/giamthi.jpg\"><img loading=\"lazy\" class=\"alignnone size-thumbnail wp-image-685\" title=\"Qu\u00ed Th\u1ea7y gi\u00e1m th\u1ecb\" alt=\"giamthi\" src=\"http:\/\/s198177718.onlinehome.us\/saobien\/public_html\/wp-content\/uploads\/2013\/06\/giamthi-150x150.jpg\" width=\"150\" height=\"150\" \/><\/a> <a href=\"http:\/\/s198177718.onlinehome.us\/saobien\/public_html\/wp-content\/uploads\/2013\/06\/thaydi.jpg\"><img loading=\"lazy\" class=\"alignnone size-thumbnail wp-image-706\" title=\"Qu\u00ed Gi\u00e1o s\u01b0 v\u00e0 qu\u00ed D\u00ec\" alt=\"thaydi\" src=\"http:\/\/s198177718.onlinehome.us\/saobien\/public_html\/wp-content\/uploads\/2013\/06\/thaydi-150x150.jpg\" width=\"150\" height=\"150\" \/><\/a><\/p>\n","protected":false},"excerpt":{"rendered":"","protected":false},"author":1,"featured_media":0,"parent":321,"menu_order":1,"comment_status":"closed","ping_status":"open","template":"","meta":[],"_links":{"self":[{"href":"http:\/\/saobiennhatrang.net\/index.php?rest_route=\/wp\/v2\/pages\/329"}],"collection":[{"href":"http:\/\/saobiennhatrang.net\/index.php?rest_route=\/wp\/v2\/pages"}],"about":[{"href":"http:\/\/saobiennhatrang.net\/index.php?rest_route=\/wp\/v2\/types\/page"}],"author":[{"embeddable":true,"href":"http:\/\/saobiennhatrang.net\/index.php?rest_route=\/wp\/v2\/users\/1"}],"replies":[{"embeddable":true,"href":"http:\/\/saobiennhatrang.net\/index.php?rest_route=%2Fwp%2Fv2%2Fcomments&post=329"}],"version-history":[{"count":9,"href":"http:\/\/saobiennhatrang.net\/index.php?rest_route=\/wp\/v2\/pages\/329\/revisions"}],"predecessor-version":[{"id":709,"href":"http:\/\/saobiennhatrang.net\/index.php?rest_route=\/wp\/v2\/pages\/329\/revisions\/709"}],"up":[{"embeddable":true,"href":"http:\/\/saobiennhatrang.net\/index.php?rest_route=\/wp\/v2\/pages\/321"}],"wp:attachment":[{"href":"http:\/\/saobiennhatrang.net\/index.php?rest_route=%2Fwp%2Fv2%2Fmedia&parent=329"}],"curies":[{"name":"wp","href":"https:\/\/api.w.org\/{rel}","templated":true}]}}