{"id":331,"date":"2013-06-18T08:28:58","date_gmt":"2013-06-18T15:28:58","guid":{"rendered":"http:\/\/s198177718.onlinehome.us\/saobien\/public_html\/?page_id=331"},"modified":"2018-07-30T12:07:45","modified_gmt":"2018-07-30T19:07:45","slug":"cac-cuoc-hoi-ngo","status":"publish","type":"page","link":"http:\/\/saobiennhatrang.net\/?page_id=331","title":{"rendered":"C\u00e1c cu\u1ed9c h\u1ed9i ng\u1ed9 &#038; h\u1ecdp m\u1eb7t"},"content":{"rendered":"<ul>\n<li><a href=\"https:\/\/photos.app.goo.gl\/CJ68PTQwein5XEcv9\">H\u1ed9i Ng\u1ed9 60 N\u0103m Th\u00e0nh L\u1eadp TCV Sao Bi\u1ec3n Nha Trang:\u00a0\u0110\u00eam H\u1ed9i Ng\u1ed9 t\u1ea1i Yang Bay &#8211; 1 (25\/07\/2018<\/a>)<\/li>\n<li><a href=\"https:\/\/photos.app.goo.gl\/eAxoCoz9aw3Px8Ba9\">H\u1ed9i Ng\u1ed9 60 N\u0103m Th\u00e0nh L\u1eadp TCV Sao Bi\u1ec3n Nha Trang:\u00a0\u0110\u00eam H\u1ed9i Ng\u1ed9 t\u1ea1i Yang Bay &#8211; 2\u00a0(25\/07\/2018<\/a>)<\/li>\n<li><a href=\"https:\/\/photos.app.goo.gl\/ApPeN6ZhGUs6tema9\">H\u1ed9i Ng\u1ed9 60 N\u0103m Th\u00e0nh L\u1eadp TCV Sao Bi\u1ec3n Nha Trang: Th\u00e1nh l\u1ec5 T\u01b0\u1edfng Ni\u1ec7m\u00a0\u00c2n S\u01b0 v\u00e0 anh em t\u1ea1i\u00a0\u0110CV Sao Bi\u1ec3n\u00a0(25\/07\/2018<\/a>)<\/li>\n<li><a href=\"https:\/\/photos.app.goo.gl\/yw7mKPfEAA952p7D6\">H\u1ed9i Ng\u1ed9 60 N\u0103m Th\u00e0nh L\u1eadp TCV Sao Bi\u1ec3n Nha Trang: Th\u00e1nh l\u1ec5 Khai M\u1ea1c t\u1ea1i Nh\u00e0 th\u1edd Ch\u00e1nh To\u00e0\u00a0(24\/07\/2018)<\/a><\/li>\n<li><a href=\"https:\/\/photos.app.goo.gl\/A8wgKNnRK9pGSzn89\">H\u1ed9i Ng\u1ed9 60 N\u0103m Th\u00e0nh L\u1eadp TCV Sao Bi\u1ec3n Nha Trang: Gi\u00e2y ph\u00fat g\u1eb7p g\u1ee1 t\u1ea1i \u0110CV Sao Bi\u1ec3n\u00a0(24\/07\/2018)<\/a><\/li>\n<li><a href=\"https:\/\/photos.app.goo.gl\/LTFIj5UvTV9RSKcR2\">CSB Ch\u00faa Chi\u00ean L\u00e0nh h\u1ecdp m\u1eb7t m\u1eebng L\u1ec5 B\u1ed5n M\u1ea1ng t\u1ea1i V\u1ea1n Gi\u00e3\u00a0(25\/04\/2018)<\/a><\/li>\n<li><a href=\"https:\/\/photos.app.goo.gl\/HO6yccCJCzhcf6Rk1\" target=\"_blank\" rel=\"noopener\">\u0110\u1ee9c T\u1ed5ng gi\u00e1m m\u1ee5c Giuse Nguy\u1ec5n Ch\u00ed Linh m\u1eebng Ng\u00e2n kh\u00e1nh Linh m\u1ee5c (30\/12\/2017)<\/a><\/li>\n<li><a href=\"https:\/\/photos.google.com\/share\/AF1QipNp6W8jG6NlSf1UiO92l9avjY9EWujZmGzbcqBCVUVlcqFoEtMXpCuFK2kgxbTwwA?key=WjhQLUwxdmd4djBhTVZLOXBGWGR6S0EyYmFwandR\" target=\"_blank\" rel=\"noopener\">CSB v\u00f9ng Nha Trang th\u0103m Cha gi\u00e1o Ta\u0111\u00ea\u00f4 Phan \u0110\u00ecnh T\u1ea1c (2017)<\/a><\/li>\n<li><a href=\"https:\/\/photos.google.com\/share\/AF1QipNT5FGGa6Low-qVc-25YmLExZo9nQyy-hw5bpQzmgJK7KyW12kpV3q0aY6PZKCjkg?key=ZGlSd1d1Rm5Gck1nRWpKeExfa01jWU03a1l1RHJn\" target=\"_blank\" rel=\"noopener\">Ni\u1ec1m vui g\u1eb7p g\u1ee1: CSB\u00a0<\/a><a href=\"http:\/\/picasaweb.google.com\/linhsb73\/HopMatSaoBienSGPC?authkey=Gv1sRgCN2FxJXU3qjxZg&amp;feat=email#slideshow\/5357593237387607154\" target=\"_blank\" rel=\"noopener\">v\u00f9ng S\u00e0i G\u00f2n &amp; Ph\u1ee5 C\u1eadn<\/a><a href=\"https:\/\/photos.app.goo.gl\/l8jvCYVorvy0NpCI2\" target=\"_blank\" rel=\"noopener\">\u00a0h\u1ecdp m\u1eb7t\u00a0(2017)<\/a><\/li>\n<li><a href=\"https:\/\/photos.google.com\/share\/AF1QipN1f0MixXARsCrL2jH4tSsNVVwmcaXSk-BLDzRgU0EEPDodSmTgbUvd5zYvOmqdUg?key=V294enZaeURlNzJtbmpiTHRJVURyelBqVlFpRUR3\" target=\"_blank\" rel=\"noopener\">CSB h\u1ecdp m\u1eb7t t\u00f4n vinh M\u1eb9\u00a0(2017)<\/a><\/li>\n<li><a href=\"https:\/\/goo.gl\/photos\/38ZAT3U8LDFEHJKT9\">CSB Ch\u00faa Chi\u00ean L\u00e0nh h\u1ecdp m\u1eb7t m\u1eebng L\u1ec5 B\u1ed5n M\u1ea1ng t\u1ea1i V\u1ea1n Gi\u00e3\u00a0(16-17\/05\/2017)<\/a><\/li>\n<li><a href=\"https:\/\/photos.google.com\/share\/AF1QipNpSOnFxoHkA1K8L36_OiEUn_KYE_aVXIxpfOh9ZhERvyzRWAcxjYW9hoQPkTVwgQ?key=V21YNENEYjBhRFl1T3BlQ1NOQ25LVnI3MEZZeGh3\" target=\"_blank\" rel=\"noopener\">H\u1ed9i ng\u1ed9 L\u1edbp SB73 l\u1ea7n th\u1ee9 12<\/a><a href=\"https:\/\/photos.google.com\/share\/AF1QipNpSOnFxoHkA1K8L36_OiEUn_KYE_aVXIxpfOh9ZhERvyzRWAcxjYW9hoQPkTVwgQ?key=V21YNENEYjBhRFl1T3BlQ1NOQ25LVnI3MEZZeGh3\" target=\"_blank\" rel=\"noopener\">\u00a0(2017)<\/a><\/li>\n<li><a href=\"https:\/\/photos.google.com\/share\/AF1QipP2dycvDuNUK4cWOiYpQaUQzN-w_4aqsVhQVBFODhzyqr3Ne3a1RmfipjnGgl5Huw?key=cG4xSEtEbktwa2d3M1JLNjJsMkhtU05UUWl6MHRR\" target=\"_blank\" rel=\"noopener\">H\u1ecdp m\u1eb7t CSB v\u00f9ng S\u00e0i G\u00f2n &amp; Ph\u1ee5 C\u1eadn<\/a><a href=\"https:\/\/photos.google.com\/share\/AF1QipP2dycvDuNUK4cWOiYpQaUQzN-w_4aqsVhQVBFODhzyqr3Ne3a1RmfipjnGgl5Huw?key=cG4xSEtEbktwa2d3M1JLNjJsMkhtU05UUWl6MHRR\" target=\"_blank\" rel=\"noopener\"> (01-02\/09\/2016)<\/a><\/li>\n<li><a href=\"https:\/\/photos.app.goo.gl\/mZN5k1RDKbqHyTJW8\" target=\"_blank\" rel=\"noopener\">H\u1ed9i ng\u1ed9 50 N\u0103m L\u1edbp SB66 t\u1ea1i Nha Trang (16-17\/05\/2016)<\/a><\/li>\n<li><a href=\"https:\/\/photos.app.goo.gl\/Qo4OGMjc9z4TWNir2\" target=\"_blank\" rel=\"noopener\">Cha Ph\u00ear\u00f4 Mai T\u00ednh SB59 m\u1eebng 40 n\u0103m Linh m\u1ee5c\u00a0(13\/08\/2015)<\/a><\/li>\n<li><a href=\"https:\/\/photos.google.com\/share\/AF1QipPBsI8lO6ppU3buUUFgSUI9hdBpoaKAOaay44ZAwzjv-BpUn1vu-Gg2dD32xixZLg?key=cVFLd3VwcWNFLVBXNmd5bDZnTmM1emtYSzM0NHRn\" target=\"_blank\" rel=\"noopener\">H\u1ed9i ng\u1ed9 L\u1edbp SB73 l\u1ea7n th\u1ee9 11 (10-11\/-7\/2015)<\/a><\/li>\n<li><a href=\"https:\/\/photos.google.com\/share\/AF1QipNOj9UnS02TRUfkg8w9TF3jl5Bzww28zACSVCBolaSVvyZrlg7KgZXw_GTZ5hMBag?key=NlRrR3NZZlNVY2pZSThQQTkyTXJSNUZjVWZsSlJR\" target=\"_blank\" rel=\"noopener\">H\u1ed9i ng\u1ed9\u00a0L\u1edbp SB64 t\u1ea1i Phan Thi\u1ebft\u00a0(07\/2015)<\/a><\/li>\n<li><a href=\"https:\/\/photos.app.goo.gl\/B3umHc8yf4D6xdEo2\" target=\"_blank\" rel=\"noopener\">Gia \u0111\u00ecnh SB74 h\u1ecdp m\u1eb7t m\u1eebng k\u1ef7 ni\u1ec7m 40 N\u0103m\u00a0(26-27\/07\/2014)<\/a><\/li>\n<li><a href=\"https:\/\/photos.app.goo.gl\/zw6VgKTX8F8YK4zY2\" target=\"_blank\" rel=\"noopener\">Cha Gi\u00eara\u0111\u00f4 Nguy\u1ec5n Quang Minh SB66 m\u1eebng l\u1ec5 B\u1ed5n m\u1ea1ng v\u00e0 20 n\u0103m Linh m\u1ee5c\u00a0(15\/10\/2013)<\/a><\/li>\n<li><a href=\"https:\/\/photos.google.com\/share\/AF1QipOTinthTx1VPxMXGzmFXIB_InhoketfhqdWMZliZoW_x273rmlMRg65wtuzt8t_CQ?key=dkVEZEM0bXlrZjRmZTlvQUJYclhJMmRJV3dPVmxR\" target=\"_blank\" rel=\"noopener\">CSB v\u00f9ng S\u00e0i G\u00f2n &amp; Ph\u1ee5 C\u1eadn h\u1ecdp m\u1eb7t m\u1eebng L\u1ec5 Sinh Nh\u1eadt M\u1eb9\u00a0(2013)<\/a><\/li>\n<li><a href=\"https:\/\/photos.google.com\/share\/AF1QipMOwpqAcbbt3Lh_-PPlf9WIKLAkC9tZA1FuzDJ1RVxEw3m6bib6W_JutRLkMUvf2A?key=N3FqUVRXcXlmTGdQQnB4U21jeVVoYmZnSzFlVkdn\" target=\"_blank\" rel=\"noopener\">H\u1ed9i ng\u1ed9 40 N\u0103m L\u1edbp SB73: Th\u00e1nh l\u1ec5 T\u1ea1 \u01a0n\u00a0(2013)<\/a><\/li>\n<li><a href=\"https:\/\/photos.google.com\/share\/AF1QipOoROGpQpKKDBVDUekLr5kNBTBybvRz8-yCsE4YUZXs4CSsqXGVIWp5O0UrPecagQ?key=NFBPMWVreF9yeUhYaW8tSWJsNDNtVkM3ejMxYXp3\" target=\"_blank\" rel=\"noopener\">H\u1ed9i ng\u1ed9 40 N\u0103m L\u1edbp SB73: Tri\u00a0\u00e2n qu\u00ed \u00c2n s\u01b0\u00a0(2013)<\/a><\/li>\n<li><a href=\"https:\/\/photos.google.com\/share\/AF1QipNQpsN3VyYxdxpO0a7dfZYjrwDgLh0PPQTTU_hrNmcoH0FCbrapGsD22BWHfqf-aA?key=N09lcVBQZjRUVHFwRGJyNVU1VGhOMXl3QUh2YWVB\" target=\"_blank\" rel=\"noopener\">H\u1ed9i ng\u1ed9 40 N\u0103m L\u1edbp SB73: Tri\u00a0\u00e2n Ba M\u1eb9 (2013)<\/a><\/li>\n<li><a href=\"https:\/\/photos.google.com\/share\/AF1QipOzMZ6cZ23zZb-WGiRIGTdzh3CkR2SXK-SpixQGIpIFvmkkqtb_EWkbIPJHK_kw_Q?key=OFlDNEtrZDhNdFJHVzh2Um8wdWZMOWZ5UTlCMEJn\" target=\"_blank\" rel=\"noopener\">H\u1ecdp m\u1eb7t CSB v\u00f9ng S\u00e0i G\u00f2n &amp; Ph\u1ee5 C\u1eadn l\u1ea7n th\u1ee9\u00a014 (2013)<\/a><\/li>\n<li><a href=\"https:\/\/plus.google.com\/photos\/101943703546551007050\/albums\/5890692754835696913\" target=\"_blank\" rel=\"noopener\">CSB Nam Cali\u00a0\u0111\u00f3n Rev. Minh SB66 v\u00e0 chia tay anh ch\u1ecb Quang SB62 (18\/07\/2013)<\/a><\/li>\n<li><a href=\"https:\/\/goo.gl\/photos\/KsrKeJcqfagjt3aE9\" target=\"_blank\" rel=\"noopener\">\u0110\u1ee9c \u00f4ng Ph\u00ear\u00f4 Nguy\u1ec5n Quang S\u00e1ch\u00a0m\u1eebng Ng\u1ecdc kh\u00e1nh 60 n\u0103m Linh m\u1ee5c\u00a0(13\/08\/2013)<\/a><\/li>\n<li><a href=\"https:\/\/picasaweb.google.com\/lh\/sredir?uname=sunny1308&amp;target=ALBUM&amp;id=5786037151800671569&amp;authkey=Gv1sRgCKjossr1v5HHjgE&amp;feat=email\" target=\"_blank\" rel=\"noopener\">CSB Nam Cali m\u1eebng l\u1ec5 Sinh Nh\u1eadt M\u1eb9 (08\/09\/2012)<\/a><\/li>\n<li><a href=\"https:\/\/photos.app.goo.gl\/JTg6Of0sINaBAxov2\" target=\"_blank\" rel=\"noopener\">Cha gi\u00e1o Alexis Nguy\u1ec5n Th\u1ea1ch Ng\u1ecdc m\u1eebng Kim kh\u00e1nh Linh m\u1ee5c\u00a0(19\/06\/2012)<\/a><\/li>\n<li><a href=\"https:\/\/photos.app.goo.gl\/PLaP6LJPtwzoWWu63\" target=\"_blank\" rel=\"noopener\">H\u1ed9i ng\u1ed9 L\u1edbp SB67 t\u1ea1i Ph\u00f9 Sa (18\/06\/2012)<\/a><\/li>\n<li><a href=\"https:\/\/photos.app.goo.gl\/t7WJhy5VLxAWfvVy1\" target=\"_blank\" rel=\"noopener\">\u0110\u1ee9c \u00f4ng Giuse Maria Tr\u1ea7n Thanh Phong m\u1eebng 40 n\u0103m Linh m\u1ee5c\u00a0(28\/112010)<\/a><\/li>\n<li><a href=\"https:\/\/photos.google.com\/share\/AF1QipPDrCChF9mOOPZ275R21ObjAWnPYcrtElCGkcjke9JfLH8VOhn-NptuMOlsVh-DZA?key=cW1hV3VsOFdtSGJQVXZxSjcycUhrOWFFaVZJOG13\" target=\"_blank\" rel=\"noopener\">H\u1ed9i ng\u1ed9 L\u1edbp SB73 l\u1ea7n th\u1ee9 6 t\u1ea1i Nha Trang (2010)<\/a><\/li>\n<li><a href=\"https:\/\/photos.app.goo.gl\/l8jvCYVorvy0NpCI2\" target=\"_blank\" rel=\"noopener\">H\u1ed9i ng\u1ed9 45 N\u0103m L\u1edbp SB65 t\u1ea1i Phan Thi\u1ebft\u00a0(2010)<\/a><\/li>\n<li><a href=\"https:\/\/plus.google.com\/u\/0\/photos\/117129009281311633974\/albums\/5763667640872489217\" target=\"_blank\" rel=\"noopener\">H\u1ed9i ng\u1ed9 40 N\u0103m L\u1edbp SB69-70 t\u1ea1i Phan Thi\u1ebft\u00a0(2010)<\/a><\/li>\n<li><a href=\"https:\/\/photos.google.com\/share\/AF1QipPCdBsuXZA_HjJSPhxodEeyZjdpBAdDDUZMkHXDxGwqs_seQIvGsQI7mYy7dNe9Vw?key=M2V0ZTQ1dFE1QkpSQjRxMl82azRtU3ZuREJNazl3\">H\u1ed9i ng\u1ed9 CSB t\u1ea1i Houston, Texas (21-24\/11\/2009)<\/a><\/li>\n<li><a href=\"http:\/\/picasaweb.google.com\/lh\/sredir?uname=pnguyen335&amp;target=ALBUM&amp;id=5378669828725649617&amp;authkey=Gv1sRgCNGzw47-xJzHowE&amp;feat=email\" target=\"_blank\" rel=\"noopener\">CSB Nam Cali m\u1eebng l\u1ec5 Sinh Nh\u1eadt M\u1eb9 #1 (2009)<\/a><\/li>\n<li><a href=\"http:\/\/picasaweb.google.com\/sunny1308\/MungSNMeSB909?authkey=Gv1sRgCN_swOik2NT-6AE&amp;feat=email#slideshow\/5378759180501334562\" target=\"_blank\" rel=\"noopener\">CSB Nam Cali m\u1eebng l\u1ec5 Sinh Nh\u1eadt M\u1eb9 #2 (2009)<\/a><\/li>\n<li><a href=\"https:\/\/photos.app.goo.gl\/GbxiKngBrOYqoHEG2\" target=\"_blank\" rel=\"noopener\">H\u1ed9i ng\u1ed9 L\u1edbp SB68 t\u1ea1i Nha Trang (30\/08\/2009)<\/a><\/li>\n<li><a href=\"https:\/\/photos.google.com\/share\/AF1QipOhY_pQp_CTTwr9eOpsOFDGkWE3GjusFQqCsWWesA1gnAWXSzQNHwt7J4oooId8tw?key=MW9tbHdrZUt0Q2RxaGdQNVJZRFlhbUd4YVRXODdB\" target=\"_blank\" rel=\"noopener\">H\u1ed9i ng\u1ed9 L\u1edbp SB73 l\u1ea7n th\u1ee9 5 t\u1ea1i Phan Rang (2009)<\/a><\/li>\n<li><a href=\"http:\/\/picasaweb.google.com\/linhsb73\/HopMatSaoBienSGPC?authkey=Gv1sRgCN2FxJXU3qjxZg&amp;feat=email#slideshow\/5357593237387607154\" target=\"_blank\" rel=\"noopener\">H\u1ecdp m\u1eb7t th\u01b0\u1eddng ni\u00ean CSB v\u00f9ng S\u00e0i G\u00f2n &amp; Ph\u1ee5 C\u1eadn t\u1ea1i B\u00e0 R\u1ecba, V\u0169ng T\u00e0u (12\/07\/2009)<\/a><\/li>\n<li><a href=\"http:\/\/picasaweb.google.com\/ngochai74\/HNSB742009?authkey=Gv1sRgCNri7ayV_Pz7Zw#slideshow\" target=\"_blank\" rel=\"noopener\">H\u1ed9i ng\u1ed9 L\u1edbp SB74 l\u1ea7n th\u1ee9 nh\u1ea5t t\u1ea1i B\u00ecnh Cang (09\/07\/2009)<\/a><\/li>\n<li><a href=\"https:\/\/photos.app.goo.gl\/2Wgq4vTLly5AbqcR2\" target=\"_blank\" rel=\"noopener\">H\u1ecdp m\u1eb7t L\u1edbp SB74 t\u1ea1i B\u00ecnh Cang (09\/11\/2008)<\/a><\/li>\n<li><a href=\"https:\/\/photos.app.goo.gl\/uDA6eYmR5dIlhkl93\" target=\"_blank\" rel=\"noopener\">H\u1ecdp m\u1eb7t L\u1edbp SB74 t\u1ea1i Phan Rang (02\/09\/2008)<\/a><\/li>\n<li><a href=\"https:\/\/photos.app.goo.gl\/gtlBC8Lus3HX6ObZ2\" target=\"_blank\" rel=\"noopener\">H\u00ecnh \u1ea3nh L\u1edbp SB74 h\u1ecdp m\u1eb7t (2)<\/a><\/li>\n<li><a href=\"https:\/\/photos.app.goo.gl\/7WlU1wxSCKQR9L0i2\" target=\"_blank\" rel=\"noopener\">H\u00ecnh \u1ea3nh L\u1edbp SB74 h\u1ecdp m\u1eb7t (1)<\/a><\/li>\n<li><a href=\"http:\/\/picasaweb.google.com\/sunny1308\/MungSNMeSB908?authkey=Gv1sRgCIbR456nvfrimQE&amp;feat=email#slideshow\/5378784613598041634\" target=\"_blank\" rel=\"noopener\">CSB Nam Cali m\u1eebng l\u1ec5 Sinh Nh\u1eadt M\u1eb9 (2008)<\/a><\/li>\n<li><a href=\"http:\/\/picasaweb.google.com\/ngoc.tuanle\/HNSB2008?authkey=d_BKmt_EP9w#slideshow\" target=\"_blank\" rel=\"noopener\">\u0110\u1ea1i h\u1ed9i C\u1ef1u ch\u1ee7ng sinh TCV Sao Bi\u1ec3n t\u1ea1i Nha Trang (01\/08\/2008)<\/a><\/li>\n<li><a href=\"https:\/\/photos.app.goo.gl\/j4kT1byHCqd2bfpS2\" target=\"_blank\" rel=\"noopener\">Cha Giuse Nguy\u1ec5n \u0110\u1ee9c\u00a0Di\u1ec7n SB66 m\u1eebng Ng\u00e2n kh\u00e1nh Linh m\u1ee5c (17\/05\/2008)<\/a><\/li>\n<li><a href=\"https:\/\/plus.google.com\/photos\/105372223348701474586\/albums\/5909566946587087969?banner=pwa&amp;gpsrc=pwrd1\" target=\"_blank\" rel=\"noopener\">H\u1ed9i ng\u1ed9 CSB t\u1ea1i Gi\u00e1o x\u1ee9 Ch\u1ee3 M\u1edbi (29\/01\/2008)<\/a><\/li>\n<li><a href=\"https:\/\/photos.app.goo.gl\/TFuXOwbgtVFcwPwP2\">H\u1ecdp m\u1eb7t CSB mi\u1ec1n Nam California (18\/10\/2006)<\/a><\/li>\n<li><a href=\"https:\/\/photos.app.goo.gl\/XfF3UQXOP1ErualD3\">H\u1ed9i ng\u1ed9 Ut Sint Unum Sao Bi\u1ec3n t\u1ea1i Ph\u00e1p (02-09\/10\/2006)<\/a><\/li>\n<li><a href=\"https:\/\/photos.app.goo.gl\/DlFWPjQcjA3JvNZ13\">Nh\u1eefng khu\u00f4n m\u1eb7t trong cu\u1ed9c H\u1ed9i ng\u1ed9 CSB t\u1ea1i mi\u1ec1n Nam California (30\/06\/2006)<\/a><\/li>\n<li><a href=\"https:\/\/photos.app.goo.gl\/AjOVHmAPIv88DexW2\">H\u1ed9i ng\u1ed9 CSB t\u1ea1i mi\u1ec1n Nam California (30\/06\/2006)<\/a><\/li>\n<li><a href=\"https:\/\/plus.google.com\/photos\/105372223348701474586\/albums\/5909581766420463601?banner=pwa&amp;gpsrc=pwrd1#\" target=\"_blank\" rel=\"noopener\">L\u1ec5 Th\u1ee5 phong Linh M\u1ee5c c\u1ee7a H\u00f9ng SB64 v\u00e0 Hi\u00ean SB67 #2 (22\/02\/2006)<\/a><\/li>\n<li><a href=\"https:\/\/photos.app.goo.gl\/rvmtmpRcspIiFvUh1\">L\u1ec5 Th\u1ee5 phong Linh M\u1ee5c c\u1ee7a H\u00f9ng SB64 v\u00e0 Hi\u00ean SB67 #1 (22\/02\/2006)<\/a><\/li>\n<li><a href=\"https:\/\/photos.google.com\/share\/AF1QipMvu0_liJ71IWkZ1LnznKJ_qyKcfMJQ9jQJNDEgM3fuw8L2fjdHhbXwi45g7G8KBw?key=OWY2S05mZkthZGRrejA5WXA0d1VQcGpzWXRzX0tR\" target=\"_blank\" rel=\"noopener\">H\u1ed9i ng\u1ed9 L\u1edbp SB73 l\u1ea7n th\u1ee9 nh\u1ea5t\u00a0t\u1ea1i Phan Rang (2005)<\/a><\/li>\n<li><a href=\"https:\/\/plus.google.com\/photos\/105372223348701474586\/albums\/5909565338836338705?banner=pwa\" target=\"_blank\" rel=\"noopener\">H\u1ed9i ng\u1ed9 40 N\u0103m L\u1edbp SB65 t\u1ea1i Ph\u00fa L\u00e2m, Phan Thi\u1ebft (2005)<\/a><\/li>\n<li><a href=\"https:\/\/photos.app.goo.gl\/3K34krSxn0FhC9K22\">H\u1ed9i ng\u1ed9 CSB t\u1ea1i Houston, Texas (04-05\/09\/2004)<\/a><\/li>\n<li><a href=\"https:\/\/photos.app.goo.gl\/lfnzP2yZjBK1MJZw1\">CSB v\u00f9ng S\u00e0i G\u00f2n &amp; Ph\u1ee5 c\u1eadn g\u1eb7p g\u1ee1 t\u00e2n Gi\u00e1m m\u1ee5c Giuse Nguy\u1ec5n Ch\u00ed Linh (08\/2004)<\/a><\/li>\n<li><a href=\"https:\/\/photos.app.goo.gl\/Qtlvyc2OwquO2LgA2\">H\u1ecdp m\u1eb7t CSB mi\u1ec1n Nam California (24\/07\/2004)<\/a><\/li>\n<li><a href=\"https:\/\/photos.app.goo.gl\/uOmm36YLiiHecVIt1\">Mini H\u1ed9i ng\u1ed9 CSB t\u1ea1i San Jose, B\u1eafc California (12-13\/06\/2004)<\/a><\/li>\n<li><a href=\"https:\/\/photos.app.goo.gl\/ctP44EjSr9FGtpDz2\">H\u1ed9i ng\u1ed9 CSB t\u1ea1i Ph\u00fa L\u00e2m (27\/05\/2004)<\/a><\/li>\n<li><a href=\"https:\/\/photos.app.goo.gl\/Piw0lbTCbRAOAOCO2\">H\u1ecdp m\u1eb7t th\u01b0\u1eddng ni\u00ean c\u1ee7a CSB Ch\u00faa Chi\u00ean L\u00e0nh (04\/2004)<\/a><\/li>\n<li><a href=\"https:\/\/photos.app.goo.gl\/Y4WMI32mG0Xei9WR2\">H\u1ed9i ng\u1ed9 L\u1edbp SB66 t\u1ea1i Dana Point, Nam California (08\/2003)<\/a><\/li>\n<li><a href=\"https:\/\/photos.app.goo.gl\/9XfKcE30NzZQxUtC3\">H\u1ed9i ng\u1ed9 CSB t\u1ea1i S\u00e0i G\u00f2n (2003)<\/a><\/li>\n<li><a href=\"https:\/\/photos.app.goo.gl\/vwTqzNsxY7vpL34U2\">H\u1ed9i ng\u1ed9 CSB t\u1ea1i Ph\u01b0\u1edbc Qu\u1ea3 (2003)<\/a><\/li>\n<li><a href=\"https:\/\/photos.app.goo.gl\/hUR9AivYRsP1uZO63\">H\u1ed9i ng\u1ed9 CSB t\u1ea1i H\u00e0m T\u00e2n (14\/07\/2002)<\/a><\/li>\n<li><a href=\"https:\/\/photos.app.goo.gl\/T11RvkUd6bFvVtVr2\">Mini H\u1ed9i ng\u1ed9 CSB t\u1ea1i Dallas &amp; Houston (2002)<\/a><\/li>\n<\/ul>\n","protected":false},"excerpt":{"rendered":"<p>H\u1ed9i Ng\u1ed9 60 N\u0103m Th\u00e0nh L\u1eadp TCV Sao Bi\u1ec3n Nha Trang:\u00a0\u0110\u00eam H\u1ed9i Ng\u1ed9 t\u1ea1i Yang Bay &#8211; 1 (25\/07\/2018) H\u1ed9i Ng\u1ed9 60 N\u0103m Th\u00e0nh L\u1eadp TCV Sao Bi\u1ec3n Nha Trang:\u00a0\u0110\u00eam H\u1ed9i Ng\u1ed9 t\u1ea1i Yang Bay &#8211; 2\u00a0(25\/07\/2018) H\u1ed9i Ng\u1ed9 60 N\u0103m Th\u00e0nh L\u1eadp TCV Sao Bi\u1ec3n Nha Trang: Th\u00e1nh l\u1ec5 T\u01b0\u1edfng Ni\u1ec7m\u00a0\u00c2n S\u01b0 v\u00e0 anh &#8230; <a title=\"C\u00e1c cu\u1ed9c h\u1ed9i ng\u1ed9 &#038; h\u1ecdp m\u1eb7t\" class=\"read-more\" href=\"http:\/\/saobiennhatrang.net\/?page_id=331\" aria-label=\"More on C\u00e1c cu\u1ed9c h\u1ed9i ng\u1ed9 &#038; h\u1ecdp m\u1eb7t\">Read more<\/a><\/p>\n","protected":false},"author":1,"featured_media":0,"parent":321,"menu_order":3,"comment_status":"closed","ping_status":"open","template":"","meta":[],"_links":{"self":[{"href":"http:\/\/saobiennhatrang.net\/index.php?rest_route=\/wp\/v2\/pages\/331"}],"collection":[{"href":"http:\/\/saobiennhatrang.net\/index.php?rest_route=\/wp\/v2\/pages"}],"about":[{"href":"http:\/\/saobiennhatrang.net\/index.php?rest_route=\/wp\/v2\/types\/page"}],"author":[{"embeddable":true,"href":"http:\/\/saobiennhatrang.net\/index.php?rest_route=\/wp\/v2\/users\/1"}],"replies":[{"embeddable":true,"href":"http:\/\/saobiennhatrang.net\/index.php?rest_route=%2Fwp%2Fv2%2Fcomments&post=331"}],"version-history":[{"count":40,"href":"http:\/\/saobiennhatrang.net\/index.php?rest_route=\/wp\/v2\/pages\/331\/revisions"}],"predecessor-version":[{"id":4229,"href":"http:\/\/saobiennhatrang.net\/index.php?rest_route=\/wp\/v2\/pages\/331\/revisions\/4229"}],"up":[{"embeddable":true,"href":"http:\/\/saobiennhatrang.net\/index.php?rest_route=\/wp\/v2\/pages\/321"}],"wp:attachment":[{"href":"http:\/\/saobiennhatrang.net\/index.php?rest_route=%2Fwp%2Fv2%2Fmedia&parent=331"}],"curies":[{"name":"wp","href":"https:\/\/api.w.org\/{rel}","templated":true}]}}